{"id":196,"date":"2021-09-07T16:36:11","date_gmt":"2021-09-07T16:36:11","guid":{"rendered":"https:\/\/alegospic.com\/?page_id=196"},"modified":"2022-03-14T10:43:42","modified_gmt":"2022-03-14T10:43:42","slug":"audio","status":"publish","type":"page","link":"https:\/\/alegospic.com\/en\/audio\/","title":{"rendered":"Audio"},"content":{"rendered":"<p>Pomorska ve\u010der Zadar-spa\u0161avanje ljudskih \u017eivota na moru Kapetan Alen Gospi\u0107<a href=\"https:\/\/api.hrt.hr\/download\/media\/83\/6e\/20211129-pomorska-vecer-32064048-20211204100526.mp3?filename=Pomorska%20ve\u010der%201-dio.mp3\">https:\/\/api.hrt.hr\/download\/media\/83\/6e\/20211129-pomorska-vecer-32064048-20211204100526.mp3?filename=Pomorska%20ve\u010der%201-dio.mp3<\/a><\/p>","protected":false},"excerpt":{"rendered":"<p>Pomorska ve\u010der Zadar-spa\u0161avanje ljudskih \u017eivota na moru Kapetan Alen Gospi\u0107https:\/\/api.hrt.hr\/download\/media\/83\/6e\/20211129-pomorska-vecer-32064048-20211204100526.mp3?filename=Pomorska%20ve\u010der%201-dio.mp3<\/p>","protected":false},"author":2,"featured_media":0,"parent":0,"menu_order":0,"comment_status":"closed","ping_status":"closed","template":"","meta":{"footnotes":""},"class_list":["post-196","page","type-page","status-publish","hentry"],"yoast_head":"<!-- This site is optimized with the Yoast SEO plugin v25.3.1 - https:\/\/yoast.com\/wordpress\/plugins\/seo\/ -->\n<title>Audio - alegospic.com<\/title>\n<meta name=\"robots\" content=\"index, follow, max-snippet:-1, max-image-preview:large, max-video-preview:-1\" \/>\n<link rel=\"canonical\" href=\"https:\/\/alegospic.com\/en\/audio\/\" \/>\n<meta property=\"og:locale\" content=\"en_US\" \/>\n<meta property=\"og:type\" content=\"article\" \/>\n<meta property=\"og:title\" content=\"Audio - alegospic.com\" \/>\n<meta property=\"og:description\" content=\"Pomorska ve\u010der Zadar-spa\u0161avanje ljudskih \u017eivota na moru Kapetan Alen Gospi\u0107https:\/\/api.hrt.hr\/download\/media\/83\/6e\/20211129-pomorska-vecer-32064048-20211204100526.mp3?filename=Pomorska%20ve\u010der%201-dio.mp3\" \/>\n<meta property=\"og:url\" content=\"https:\/\/alegospic.com\/en\/audio\/\" \/>\n<meta property=\"og:site_name\" content=\"alegospic.com\" \/>\n<meta property=\"article:modified_time\" content=\"2022-03-14T10:43:42+00:00\" \/>\n<meta name=\"twitter:card\" content=\"summary_large_image\" \/>\n<meta name=\"twitter:label1\" content=\"Est. reading time\" \/>\n\t<meta name=\"twitter:data1\" content=\"1 minute\" \/>\n<script type=\"application\/ld+json\" class=\"yoast-schema-graph\">{\"@context\":\"https:\/\/schema.org\",\"@graph\":[{\"@type\":\"WebPage\",\"@id\":\"https:\/\/alegospic.com\/audio\/\",\"url\":\"https:\/\/alegospic.com\/audio\/\",\"name\":\"Audio - alegospic.com\",\"isPartOf\":{\"@id\":\"https:\/\/alegospic.com\/en\/#website\"},\"datePublished\":\"2021-09-07T16:36:11+00:00\",\"dateModified\":\"2022-03-14T10:43:42+00:00\",\"breadcrumb\":{\"@id\":\"https:\/\/alegospic.com\/audio\/#breadcrumb\"},\"inLanguage\":\"en-US\",\"potentialAction\":[{\"@type\":\"ReadAction\",\"target\":[\"https:\/\/alegospic.com\/audio\/\"]}]},{\"@type\":\"BreadcrumbList\",\"@id\":\"https:\/\/alegospic.com\/audio\/#breadcrumb\",\"itemListElement\":[{\"@type\":\"ListItem\",\"position\":1,\"name\":\"Po\u010detna stranica\",\"item\":\"https:\/\/alegospic.com\/\"},{\"@type\":\"ListItem\",\"position\":2,\"name\":\"Audio\"}]},{\"@type\":\"WebSite\",\"@id\":\"https:\/\/alegospic.com\/en\/#website\",\"url\":\"https:\/\/alegospic.com\/en\/\",\"name\":\"alegospic.com\",\"description\":\"Alen Gospi\u0107\",\"potentialAction\":[{\"@type\":\"SearchAction\",\"target\":{\"@type\":\"EntryPoint\",\"urlTemplate\":\"https:\/\/alegospic.com\/en\/?s={search_term_string}\"},\"query-input\":{\"@type\":\"PropertyValueSpecification\",\"valueRequired\":true,\"valueName\":\"search_term_string\"}}],\"inLanguage\":\"en-US\"}]}<\/script>\n<!-- \/ Yoast SEO plugin. -->","yoast_head_json":{"title":"Audio - alegospic.com","robots":{"index":"index","follow":"follow","max-snippet":"max-snippet:-1","max-image-preview":"max-image-preview:large","max-video-preview":"max-video-preview:-1"},"canonical":"https:\/\/alegospic.com\/en\/audio\/","og_locale":"en_US","og_type":"article","og_title":"Audio - alegospic.com","og_description":"Pomorska ve\u010der Zadar-spa\u0161avanje ljudskih \u017eivota na moru Kapetan Alen Gospi\u0107https:\/\/api.hrt.hr\/download\/media\/83\/6e\/20211129-pomorska-vecer-32064048-20211204100526.mp3?filename=Pomorska%20ve\u010der%201-dio.mp3","og_url":"https:\/\/alegospic.com\/en\/audio\/","og_site_name":"alegospic.com","article_modified_time":"2022-03-14T10:43:42+00:00","twitter_card":"summary_large_image","twitter_misc":{"Est. reading time":"1 minute"},"schema":{"@context":"https:\/\/schema.org","@graph":[{"@type":"WebPage","@id":"https:\/\/alegospic.com\/audio\/","url":"https:\/\/alegospic.com\/audio\/","name":"Audio - alegospic.com","isPartOf":{"@id":"https:\/\/alegospic.com\/en\/#website"},"datePublished":"2021-09-07T16:36:11+00:00","dateModified":"2022-03-14T10:43:42+00:00","breadcrumb":{"@id":"https:\/\/alegospic.com\/audio\/#breadcrumb"},"inLanguage":"en-US","potentialAction":[{"@type":"ReadAction","target":["https:\/\/alegospic.com\/audio\/"]}]},{"@type":"BreadcrumbList","@id":"https:\/\/alegospic.com\/audio\/#breadcrumb","itemListElement":[{"@type":"ListItem","position":1,"name":"Po\u010detna stranica","item":"https:\/\/alegospic.com\/"},{"@type":"ListItem","position":2,"name":"Audio"}]},{"@type":"WebSite","@id":"https:\/\/alegospic.com\/en\/#website","url":"https:\/\/alegospic.com\/en\/","name":"alegospic.com","description":"Alen Gospi\u0107","potentialAction":[{"@type":"SearchAction","target":{"@type":"EntryPoint","urlTemplate":"https:\/\/alegospic.com\/en\/?s={search_term_string}"},"query-input":{"@type":"PropertyValueSpecification","valueRequired":true,"valueName":"search_term_string"}}],"inLanguage":"en-US"}]}},"_links":{"self":[{"href":"https:\/\/alegospic.com\/en\/wp-json\/wp\/v2\/pages\/196","targetHints":{"allow":["GET"]}}],"collection":[{"href":"https:\/\/alegospic.com\/en\/wp-json\/wp\/v2\/pages"}],"about":[{"href":"https:\/\/alegospic.com\/en\/wp-json\/wp\/v2\/types\/page"}],"author":[{"embeddable":true,"href":"https:\/\/alegospic.com\/en\/wp-json\/wp\/v2\/users\/2"}],"replies":[{"embeddable":true,"href":"https:\/\/alegospic.com\/en\/wp-json\/wp\/v2\/comments?post=196"}],"version-history":[{"count":3,"href":"https:\/\/alegospic.com\/en\/wp-json\/wp\/v2\/pages\/196\/revisions"}],"predecessor-version":[{"id":320,"href":"https:\/\/alegospic.com\/en\/wp-json\/wp\/v2\/pages\/196\/revisions\/320"}],"wp:attachment":[{"href":"https:\/\/alegospic.com\/en\/wp-json\/wp\/v2\/media?parent=196"}],"curies":[{"name":"wp","href":"https:\/\/api.w.org\/{rel}","templated":true}]}}