{"id":18,"date":"2017-08-23T01:16:01","date_gmt":"2017-08-23T01:16:01","guid":{"rendered":"http:\/\/themes.muffingroup.com\/be\/marina\/?page_id=18"},"modified":"2021-11-27T21:22:18","modified_gmt":"2021-11-27T21:22:18","slug":"alen-gospic","status":"publish","type":"page","link":"https:\/\/alegospic.com\/hr\/alen-gospic\/","title":{"rendered":"O autoru"},"content":{"rendered":"","protected":false},"excerpt":{"rendered":"","protected":false},"author":1,"featured_media":0,"parent":0,"menu_order":0,"comment_status":"closed","ping_status":"closed","template":"","meta":{"footnotes":""},"class_list":["post-18","page","type-page","status-publish","hentry"],"yoast_head":"<!-- This site is optimized with the Yoast SEO plugin v25.3.1 - https:\/\/yoast.com\/wordpress\/plugins\/seo\/ -->\n<title>Alen Gospi\u0107<\/title>\n<meta name=\"description\" content=\"ALEN GOSPI\u0106 Pi\u0161e stru\u010dnu literaturu o pomorstvu i romane o pomorskom zvanju i dogodov\u0161tinama na brodu. O pomorstvu po Hrvatskoj i svijetu\" \/>\n<meta name=\"robots\" content=\"index, follow, max-snippet:-1, max-image-preview:large, max-video-preview:-1\" \/>\n<link rel=\"canonical\" href=\"https:\/\/alegospic.com\/hr\/alen-gospic\/\" \/>\n<meta property=\"og:locale\" content=\"hr_HR\" \/>\n<meta property=\"og:type\" content=\"article\" \/>\n<meta property=\"og:title\" content=\"Alen Gospi\u0107\" \/>\n<meta property=\"og:description\" content=\"ALEN GOSPI\u0106 Pi\u0161e stru\u010dnu literaturu o pomorstvu i romane o pomorskom zvanju i dogodov\u0161tinama na brodu. O pomorstvu po Hrvatskoj i svijetu\" \/>\n<meta property=\"og:url\" content=\"https:\/\/alegospic.com\/hr\/alen-gospic\/\" \/>\n<meta property=\"og:site_name\" content=\"alegospic.com\" \/>\n<meta property=\"article:modified_time\" content=\"2021-11-27T21:22:18+00:00\" \/>\n<meta name=\"twitter:card\" content=\"summary_large_image\" \/>\n<script type=\"application\/ld+json\" class=\"yoast-schema-graph\">{\"@context\":\"https:\/\/schema.org\",\"@graph\":[{\"@type\":\"WebPage\",\"@id\":\"https:\/\/alegospic.com\/alen-gospic\/\",\"url\":\"https:\/\/alegospic.com\/alen-gospic\/\",\"name\":\"Alen Gospi\u0107\",\"isPartOf\":{\"@id\":\"https:\/\/alegospic.com\/en\/#website\"},\"datePublished\":\"2017-08-23T01:16:01+00:00\",\"dateModified\":\"2021-11-27T21:22:18+00:00\",\"description\":\"ALEN GOSPI\u0106 Pi\u0161e stru\u010dnu literaturu o pomorstvu i romane o pomorskom zvanju i dogodov\u0161tinama na brodu. O pomorstvu po Hrvatskoj i svijetu\",\"breadcrumb\":{\"@id\":\"https:\/\/alegospic.com\/alen-gospic\/#breadcrumb\"},\"inLanguage\":\"hr\",\"potentialAction\":[{\"@type\":\"ReadAction\",\"target\":[\"https:\/\/alegospic.com\/alen-gospic\/\"]}]},{\"@type\":\"BreadcrumbList\",\"@id\":\"https:\/\/alegospic.com\/alen-gospic\/#breadcrumb\",\"itemListElement\":[{\"@type\":\"ListItem\",\"position\":1,\"name\":\"Po\u010detna stranica\",\"item\":\"https:\/\/alegospic.com\/\"},{\"@type\":\"ListItem\",\"position\":2,\"name\":\"O autoru\"}]},{\"@type\":\"WebSite\",\"@id\":\"https:\/\/alegospic.com\/en\/#website\",\"url\":\"https:\/\/alegospic.com\/en\/\",\"name\":\"alegospic.com\",\"description\":\"Alen Gospi\u0107\",\"potentialAction\":[{\"@type\":\"SearchAction\",\"target\":{\"@type\":\"EntryPoint\",\"urlTemplate\":\"https:\/\/alegospic.com\/en\/?s={search_term_string}\"},\"query-input\":{\"@type\":\"PropertyValueSpecification\",\"valueRequired\":true,\"valueName\":\"search_term_string\"}}],\"inLanguage\":\"hr\"}]}<\/script>\n<!-- \/ Yoast SEO plugin. -->","yoast_head_json":{"title":"Alen Gospi\u0107","description":"ALEN GOSPI\u0106 Pi\u0161e stru\u010dnu literaturu o pomorstvu i romane o pomorskom zvanju i dogodov\u0161tinama na brodu. O pomorstvu po Hrvatskoj i svijetu","robots":{"index":"index","follow":"follow","max-snippet":"max-snippet:-1","max-image-preview":"max-image-preview:large","max-video-preview":"max-video-preview:-1"},"canonical":"https:\/\/alegospic.com\/hr\/alen-gospic\/","og_locale":"hr_HR","og_type":"article","og_title":"Alen Gospi\u0107","og_description":"ALEN GOSPI\u0106 Pi\u0161e stru\u010dnu literaturu o pomorstvu i romane o pomorskom zvanju i dogodov\u0161tinama na brodu. O pomorstvu po Hrvatskoj i svijetu","og_url":"https:\/\/alegospic.com\/hr\/alen-gospic\/","og_site_name":"alegospic.com","article_modified_time":"2021-11-27T21:22:18+00:00","twitter_card":"summary_large_image","schema":{"@context":"https:\/\/schema.org","@graph":[{"@type":"WebPage","@id":"https:\/\/alegospic.com\/alen-gospic\/","url":"https:\/\/alegospic.com\/alen-gospic\/","name":"Alen Gospi\u0107","isPartOf":{"@id":"https:\/\/alegospic.com\/en\/#website"},"datePublished":"2017-08-23T01:16:01+00:00","dateModified":"2021-11-27T21:22:18+00:00","description":"ALEN GOSPI\u0106 Pi\u0161e stru\u010dnu literaturu o pomorstvu i romane o pomorskom zvanju i dogodov\u0161tinama na brodu. O pomorstvu po Hrvatskoj i svijetu","breadcrumb":{"@id":"https:\/\/alegospic.com\/alen-gospic\/#breadcrumb"},"inLanguage":"hr","potentialAction":[{"@type":"ReadAction","target":["https:\/\/alegospic.com\/alen-gospic\/"]}]},{"@type":"BreadcrumbList","@id":"https:\/\/alegospic.com\/alen-gospic\/#breadcrumb","itemListElement":[{"@type":"ListItem","position":1,"name":"Po\u010detna stranica","item":"https:\/\/alegospic.com\/"},{"@type":"ListItem","position":2,"name":"O autoru"}]},{"@type":"WebSite","@id":"https:\/\/alegospic.com\/en\/#website","url":"https:\/\/alegospic.com\/en\/","name":"alegospic.com","description":"Alen Gospi\u0107","potentialAction":[{"@type":"SearchAction","target":{"@type":"EntryPoint","urlTemplate":"https:\/\/alegospic.com\/en\/?s={search_term_string}"},"query-input":{"@type":"PropertyValueSpecification","valueRequired":true,"valueName":"search_term_string"}}],"inLanguage":"hr"}]}},"_links":{"self":[{"href":"https:\/\/alegospic.com\/hr\/wp-json\/wp\/v2\/pages\/18","targetHints":{"allow":["GET"]}}],"collection":[{"href":"https:\/\/alegospic.com\/hr\/wp-json\/wp\/v2\/pages"}],"about":[{"href":"https:\/\/alegospic.com\/hr\/wp-json\/wp\/v2\/types\/page"}],"author":[{"embeddable":true,"href":"https:\/\/alegospic.com\/hr\/wp-json\/wp\/v2\/users\/1"}],"replies":[{"embeddable":true,"href":"https:\/\/alegospic.com\/hr\/wp-json\/wp\/v2\/comments?post=18"}],"version-history":[{"count":2,"href":"https:\/\/alegospic.com\/hr\/wp-json\/wp\/v2\/pages\/18\/revisions"}],"predecessor-version":[{"id":120,"href":"https:\/\/alegospic.com\/hr\/wp-json\/wp\/v2\/pages\/18\/revisions\/120"}],"wp:attachment":[{"href":"https:\/\/alegospic.com\/hr\/wp-json\/wp\/v2\/media?parent=18"}],"curies":[{"name":"wp","href":"https:\/\/api.w.org\/{rel}","templated":true}]}}