{"id":3,"date":"2021-07-31T14:44:09","date_gmt":"2021-07-31T14:44:09","guid":{"rendered":"https:\/\/alegospic.com\/?page_id=3"},"modified":"2023-07-28T07:34:21","modified_gmt":"2023-07-28T07:34:21","slug":"politika-privatnosti","status":"publish","type":"page","link":"https:\/\/alegospic.com\/hr\/politika-privatnosti\/","title":{"rendered":"Politika privatnosti"},"content":{"rendered":"\n<h4 class=\"wp-block-heading\">Izjava o privatnosti Ovom izjavom se obvezujemo da \u0107emo za\u0161tititi privatnost korisnika, kupaca i posjetitelja na\u0161e web stranice i sigurnost osobnih podataka koje nam pru\u017eaju putem web stranice.<\/h4>\n\n\n\n<h4 class=\"wp-block-heading\">Ova obavijest opisuje vrstu informacija koje mo\u017eemo prikupiti od vas kada posjetite na\u0161u web stranicu i obja\u0161njava kako upotrebljavamo te podatke i korake koje poduzimamo da bismo ih za\u0161titili.<\/h4>\n\n\n\n<h4 class=\"wp-block-heading\">Obavijest tako\u0111er opisuje izbore koje imate u vezi s prikupljanjem i kori\u0161tenjem va\u0161ih podataka prilikom posjete na\u0161oj web stranici. Koje informacije prikupljamo o vama i kako ih koristimo?<\/h4>\n\n\n\n<h4 class=\"wp-block-heading\">Op\u0107enito, mo\u017eete posjetiti na\u0161u web stranicu bez otkrivanja osobnih podataka o sebi.<\/h4>\n\n\n\n<h4 class=\"wp-block-heading\">Ne prikupljamo osobne podatke o vama (kao \u0161to su va\u0161e ime i pojedinosti o kontaktu) kada posjetite ovu web stranicu, osim ako dobrovoljno ne po\u0161aljete podatke pomo\u0107u jednog od dostupnih obrazaca za odre\u0111enu svrhu (kontakt obrazac) i time date va\u0161u privolu na prikupljanje i kori\u0161tenje va\u0161ih osobnih podataka u navedene svrhe.<\/h4>\n\n\n\n<h4 class=\"wp-block-heading\">Svi osobni podaci koriste se isklju\u010divo u svrhe radi koje su prikupljeni i za koje je dana privola.<\/h4>\n\n\n\n<h4 class=\"wp-block-heading\">Privolu za obradu osobnih podataka mogu dati osobe s navr\u0161enih 16 godina ili vi\u0161e, dok za osobe mla\u0111e od 16 privolu mo\u017ee dati roditelj ili skrbnik.<\/h4>\n\n\n\n<h4 class=\"wp-block-heading\">Prikupljene podatke ne\u0107emo ni na koji na\u010din u\u010diniti dostupnima neovla\u0161tenim tre\u0107im osobama, osim u zakonom propisanu svrhu.<\/h4>\n\n\n\n<h4 class=\"wp-block-heading\">Svi podaci se bri\u0161u nakon prestanka svrhe za koju su prikupljeni, odnosno prestankom ugovornog odnosa, a najkasnije po isteku svih zakonskih obveza povezanih s \u010duvanjem osobnih podataka. Ovdje navodimo dodatne okolnosti u kojima \u0107emo<\/h4>\n\n\n\n<h4 class=\"wp-block-heading\">Va\u0161e informacije podijeliti sa ovla\u0161tenim tre\u0107im stranama i dodatne svrhe za koje koristimo Va\u0161e podatke:<\/h4>\n\n\n\n<h4 class=\"wp-block-heading\">Pru\u017eanje informacija Google Inc. Google prikuplja informacije putem na\u0161e upotrebe usluge Google Analytics na na\u0161oj web stranici.<\/h4>\n\n\n\n<h4 class=\"wp-block-heading\">Google koristi ove informacije, uklju\u010duju\u0107i IP adrese i podatke iz kola\u010di\u0107a, u vi\u0161e svrha, kao \u0161to je pobolj\u0161anje usluge Google Analytics.<\/h4>\n\n\n\n<h4 class=\"wp-block-heading\">Informacije se dijele s Googleom na anonimnoj osnovi. Da biste saznali vi\u0161e o tome koje informacije Google prikuplja, kako upotrebljava te informacije i kako kontrolirati informacije poslane Googleu, pogledajte stranicu partnera Googleovih pravila o privatnosti.<\/h4>\n\n\n\n<h4 class=\"wp-block-heading\">Mo\u017eete se isklju\u010diti iz usluge Google Analytics tako da instalirate sljede\u0107i dodatak pregledniku: https:\/\/tools.google.com\/dlpage\/gaoptout Ra\u010dunovodstvo<\/h4>\n\n\n\n<h4 class=\"wp-block-heading\">Podijelimo podatke s na\u0161im ra\u010dunovo\u0111ama za porezne svrhe. Na primjer, dijelimo fakture koje izdajemo i primamo kod na\u0161ih ra\u010dunovo\u0111a u svrhu popunjavanja poreznih prijava i ra\u010duna na kraju godine.<\/h4>\n\n\n\n<h4 class=\"wp-block-heading\">Vrste osobnih podataka koji se obra\u0111uju Osobni podaci koji se prikupljaju temeljem kontakt obrasca su: ime i prezime, telefon, e-mail.<\/h4>\n\n\n\n<h4 class=\"wp-block-heading\">Informacije koje se automatski prikupljaju na na\u0161oj web stranici Automatski prikupljamo informacije u log datotekama poslu\u017eitelja, kao \u0161to je va\u0161a IP adresa, vrsta preglednika, stranice za preusmjeravanje \/ izlazak i operativni sustav.<\/h4>\n\n\n\n<h4 class=\"wp-block-heading\">Koristimo ove informacije kako bismo upravljali na\u0161im web stranicama i na\u0161im tehni\u010dkim rje\u0161enjima, razumjeli kako se posjetitelji kre\u0107u kroz na\u0161u web stranicu i usluge te da pobolj\u0161amo va\u0161e iskustvo dok koristite na\u0161e web stranice i usluge. Pristup i a\u017euriranje va\u0161ih osobnih podataka.<\/h4>\n\n\n\n<h4 class=\"wp-block-heading\">Na\u0161 korisnik u svakom trenutku ima sljede\u0107a prava:<\/h4>\n\n\n\n<ul class=\"wp-block-list\">\n<li>pravo na pristup podacima i uvid u podatke pravo na informiranost o obradi osobnih podataka<\/li>\n\n\n\n<li>pravo na prenosivost podataka<\/li>\n\n\n\n<li>pravo na povla\u010denje privole<\/li>\n\n\n\n<li>pravo na podno\u0161enje prigovora<\/li>\n\n\n\n<li>pravo na ispravak i promjenu osobnih podataka u slu\u010daju ako su podaci nepotpuni ili neto\u010dni<\/li>\n\n\n\n<li>pravo na brisanje u slu\u010dajevima kao \u0161to su prestanak svrhe obrade, povla\u010denje privole ili u slu\u010daju podno\u0161enja prigovora.<\/li>\n<\/ul>\n\n\n\n<h4 class=\"wp-block-heading\">Ako \u017eelite ostvariti neko od navedenih prava, kontaktirajte nas putem kontakt forme na na\u0161oj web stranici. Tako\u0111er nas mo\u017eete konktatirati i telefonom koji je naveden na web stranici ili putem slanja po\u0161te na na\u0161u adresu koja je navedena na web stranici.<\/h4>\n\n\n\n<h4 class=\"wp-block-heading\">Sigurnost va\u0161ih osobnih podataka<\/h4>\n\n\n\n<h4 class=\"wp-block-heading\">Predani smo poduzimanju odgovaraju\u0107ih tehni\u010dkih i organizacijskih mjera za za\u0161titu va\u0161ih osobnih podataka od neovla\u0161tenog ili nezakonitog postupanja s njima i od njihovog slu\u010dajnog gubitka, uni\u0161tenja ili o\u0161te\u0107enja.<\/h4>\n\n\n\n<h4 class=\"wp-block-heading\">Prilikom davanja va\u0161ih osobnih podataka putem na\u0161e web stranice, ove se informacije \u0161alju putem interneta sigurno pomo\u0107u visokokvalitetnih \u0161ifriranja i spremaju na na\u0161e sigurne servere koji se nalaze u EU.<\/h4>\n","protected":false},"excerpt":{"rendered":"<p>Izjava o privatnosti Ovom izjavom se obvezujemo da \u0107emo za\u0161tititi privatnost korisnika, kupaca i posjetitelja na\u0161e web stranice i sigurnost osobnih podataka koje nam pru\u017eaju putem<span class=\"excerpt-hellip\"> [\u2026]<\/span><\/p>\n","protected":false},"author":1,"featured_media":0,"parent":0,"menu_order":0,"comment_status":"closed","ping_status":"closed","template":"","meta":{"footnotes":""},"class_list":["post-3","page","type-page","status-publish","hentry"],"yoast_head":"<!-- This site is optimized with the Yoast SEO plugin v25.3.1 - https:\/\/yoast.com\/wordpress\/plugins\/seo\/ -->\n<title>Politika privatnosti - alegospic.com<\/title>\n<meta name=\"robots\" content=\"index, follow, max-snippet:-1, max-image-preview:large, max-video-preview:-1\" \/>\n<link rel=\"canonical\" href=\"https:\/\/alegospic.com\/hr\/politika-privatnosti\/\" \/>\n<meta property=\"og:locale\" content=\"hr_HR\" \/>\n<meta property=\"og:type\" content=\"article\" \/>\n<meta property=\"og:title\" content=\"Politika privatnosti - alegospic.com\" \/>\n<meta property=\"og:description\" content=\"Izjava o privatnosti Ovom izjavom se obvezujemo da \u0107emo za\u0161tititi privatnost korisnika, kupaca i posjetitelja na\u0161e web stranice i sigurnost osobnih podataka koje nam pru\u017eaju putem [\u2026]\" \/>\n<meta property=\"og:url\" content=\"https:\/\/alegospic.com\/hr\/politika-privatnosti\/\" \/>\n<meta property=\"og:site_name\" content=\"alegospic.com\" \/>\n<meta property=\"article:modified_time\" content=\"2023-07-28T07:34:21+00:00\" \/>\n<meta name=\"twitter:card\" content=\"summary_large_image\" \/>\n<meta name=\"twitter:label1\" content=\"Procijenjeno vrijeme \u010ditanja\" \/>\n\t<meta name=\"twitter:data1\" content=\"4 minute\" \/>\n<script type=\"application\/ld+json\" class=\"yoast-schema-graph\">{\"@context\":\"https:\/\/schema.org\",\"@graph\":[{\"@type\":\"WebPage\",\"@id\":\"https:\/\/alegospic.com\/politika-privatnosti\/\",\"url\":\"https:\/\/alegospic.com\/politika-privatnosti\/\",\"name\":\"Politika privatnosti - alegospic.com\",\"isPartOf\":{\"@id\":\"https:\/\/alegospic.com\/en\/#website\"},\"datePublished\":\"2021-07-31T14:44:09+00:00\",\"dateModified\":\"2023-07-28T07:34:21+00:00\",\"breadcrumb\":{\"@id\":\"https:\/\/alegospic.com\/politika-privatnosti\/#breadcrumb\"},\"inLanguage\":\"hr\",\"potentialAction\":[{\"@type\":\"ReadAction\",\"target\":[\"https:\/\/alegospic.com\/politika-privatnosti\/\"]}]},{\"@type\":\"BreadcrumbList\",\"@id\":\"https:\/\/alegospic.com\/politika-privatnosti\/#breadcrumb\",\"itemListElement\":[{\"@type\":\"ListItem\",\"position\":1,\"name\":\"Po\u010detna stranica\",\"item\":\"https:\/\/alegospic.com\/\"},{\"@type\":\"ListItem\",\"position\":2,\"name\":\"Politika privatnosti\"}]},{\"@type\":\"WebSite\",\"@id\":\"https:\/\/alegospic.com\/en\/#website\",\"url\":\"https:\/\/alegospic.com\/en\/\",\"name\":\"alegospic.com\",\"description\":\"Alen Gospi\u0107\",\"potentialAction\":[{\"@type\":\"SearchAction\",\"target\":{\"@type\":\"EntryPoint\",\"urlTemplate\":\"https:\/\/alegospic.com\/en\/?s={search_term_string}\"},\"query-input\":{\"@type\":\"PropertyValueSpecification\",\"valueRequired\":true,\"valueName\":\"search_term_string\"}}],\"inLanguage\":\"hr\"}]}<\/script>\n<!-- \/ Yoast SEO plugin. -->","yoast_head_json":{"title":"Politika privatnosti - alegospic.com","robots":{"index":"index","follow":"follow","max-snippet":"max-snippet:-1","max-image-preview":"max-image-preview:large","max-video-preview":"max-video-preview:-1"},"canonical":"https:\/\/alegospic.com\/hr\/politika-privatnosti\/","og_locale":"hr_HR","og_type":"article","og_title":"Politika privatnosti - alegospic.com","og_description":"Izjava o privatnosti Ovom izjavom se obvezujemo da \u0107emo za\u0161tititi privatnost korisnika, kupaca i posjetitelja na\u0161e web stranice i sigurnost osobnih podataka koje nam pru\u017eaju putem [\u2026]","og_url":"https:\/\/alegospic.com\/hr\/politika-privatnosti\/","og_site_name":"alegospic.com","article_modified_time":"2023-07-28T07:34:21+00:00","twitter_card":"summary_large_image","twitter_misc":{"Procijenjeno vrijeme \u010ditanja":"4 minute"},"schema":{"@context":"https:\/\/schema.org","@graph":[{"@type":"WebPage","@id":"https:\/\/alegospic.com\/politika-privatnosti\/","url":"https:\/\/alegospic.com\/politika-privatnosti\/","name":"Politika privatnosti - alegospic.com","isPartOf":{"@id":"https:\/\/alegospic.com\/en\/#website"},"datePublished":"2021-07-31T14:44:09+00:00","dateModified":"2023-07-28T07:34:21+00:00","breadcrumb":{"@id":"https:\/\/alegospic.com\/politika-privatnosti\/#breadcrumb"},"inLanguage":"hr","potentialAction":[{"@type":"ReadAction","target":["https:\/\/alegospic.com\/politika-privatnosti\/"]}]},{"@type":"BreadcrumbList","@id":"https:\/\/alegospic.com\/politika-privatnosti\/#breadcrumb","itemListElement":[{"@type":"ListItem","position":1,"name":"Po\u010detna stranica","item":"https:\/\/alegospic.com\/"},{"@type":"ListItem","position":2,"name":"Politika privatnosti"}]},{"@type":"WebSite","@id":"https:\/\/alegospic.com\/en\/#website","url":"https:\/\/alegospic.com\/en\/","name":"alegospic.com","description":"Alen Gospi\u0107","potentialAction":[{"@type":"SearchAction","target":{"@type":"EntryPoint","urlTemplate":"https:\/\/alegospic.com\/en\/?s={search_term_string}"},"query-input":{"@type":"PropertyValueSpecification","valueRequired":true,"valueName":"search_term_string"}}],"inLanguage":"hr"}]}},"_links":{"self":[{"href":"https:\/\/alegospic.com\/hr\/wp-json\/wp\/v2\/pages\/3","targetHints":{"allow":["GET"]}}],"collection":[{"href":"https:\/\/alegospic.com\/hr\/wp-json\/wp\/v2\/pages"}],"about":[{"href":"https:\/\/alegospic.com\/hr\/wp-json\/wp\/v2\/types\/page"}],"author":[{"embeddable":true,"href":"https:\/\/alegospic.com\/hr\/wp-json\/wp\/v2\/users\/1"}],"replies":[{"embeddable":true,"href":"https:\/\/alegospic.com\/hr\/wp-json\/wp\/v2\/comments?post=3"}],"version-history":[{"count":2,"href":"https:\/\/alegospic.com\/hr\/wp-json\/wp\/v2\/pages\/3\/revisions"}],"predecessor-version":[{"id":402,"href":"https:\/\/alegospic.com\/hr\/wp-json\/wp\/v2\/pages\/3\/revisions\/402"}],"wp:attachment":[{"href":"https:\/\/alegospic.com\/hr\/wp-json\/wp\/v2\/media?parent=3"}],"curies":[{"name":"wp","href":"https:\/\/api.w.org\/{rel}","templated":true}]}}